{"id":12,"date":"2026-01-07T15:11:38","date_gmt":"2026-01-07T15:11:38","guid":{"rendered":"http:\/\/hzogxni.cluster121.hosting.ovh.net\/?page_id=12"},"modified":"2026-01-29T17:54:29","modified_gmt":"2026-01-29T16:54:29","slug":"orangescontroles","status":"publish","type":"page","link":"https:\/\/www.orangescontroles.com\/index.php\/orangescontroles\/","title":{"rendered":"La Direction"},"content":{"rendered":"\n<div class=\"wp-block-group alignfull has-primary-background-color has-background has-global-padding is-layout-constrained wp-container-core-group-is-layout-bde61dd6 wp-block-group-is-layout-constrained\" style=\"margin-top:0;margin-bottom:0;padding-top:var(--wp--preset--spacing--spacing-64);padding-right:var(--wp--preset--spacing--spacing-32);padding-bottom:var(--wp--preset--spacing--spacing-64);padding-left:var(--wp--preset--spacing--spacing-32)\"><h1 class=\"has-link-color wp-elements-a08c0fb2ecb7970e1337defd991d7040 wp-block-post-title has-text-color has-primary-50-color\">La Direction<\/h1><\/div>\n\n\n\n<div style=\"height:100px\" aria-hidden=\"true\" class=\"wp-block-spacer\"><\/div>\n\n\n\n<div class=\"wp-block-columns are-vertically-aligned-center is-layout-flex wp-container-core-columns-is-layout-28f84493 wp-block-columns-is-layout-flex\">\n<div class=\"wp-block-column is-vertically-aligned-center is-layout-flow wp-block-column-is-layout-flow\">\n<figure class=\"wp-block-image size-large is-resized\"><img loading=\"lazy\" decoding=\"async\" width=\"760\" height=\"1024\" src=\"https:\/\/www.orangescontroles.com\/wp-content\/uploads\/2026\/01\/ChatGPT-Image-19-janv.-2026-23_01_01-e1768860145138-760x1024.png\" alt=\"\" class=\"wp-image-278\" style=\"aspect-ratio:0.7421898284878208;width:271px;height:auto\" srcset=\"https:\/\/www.orangescontroles.com\/wp-content\/uploads\/2026\/01\/ChatGPT-Image-19-janv.-2026-23_01_01-e1768860145138-760x1024.png 760w, https:\/\/www.orangescontroles.com\/wp-content\/uploads\/2026\/01\/ChatGPT-Image-19-janv.-2026-23_01_01-e1768860145138-223x300.png 223w, https:\/\/www.orangescontroles.com\/wp-content\/uploads\/2026\/01\/ChatGPT-Image-19-janv.-2026-23_01_01-e1768860145138-768x1035.png 768w, https:\/\/www.orangescontroles.com\/wp-content\/uploads\/2026\/01\/ChatGPT-Image-19-janv.-2026-23_01_01-e1768860145138.png 783w\" sizes=\"auto, (max-width: 760px) 100vw, 760px\" \/><\/figure>\n<\/div>\n\n\n\n<div class=\"wp-block-column is-vertically-aligned-center is-layout-flow wp-block-column-is-layout-flow\">\n<h5 class=\"wp-block-heading\">Directeur des Op\u00e9rations<\/h5>\n\n\n\n<div style=\"height:37px\" aria-hidden=\"true\" class=\"wp-block-spacer\"><\/div>\n\n\n\n<p><strong>Valentin BUSSIERE<\/strong><\/p>\n\n\n\n<div style=\"height:22px\" aria-hidden=\"true\" class=\"wp-block-spacer\"><\/div>\n\n\n\n<p>R\u00e9f\u00e9rent technique<\/p>\n\n\n\n<div style=\"height:22px\" aria-hidden=\"true\" class=\"wp-block-spacer\"><\/div>\n\n\n\n<p class=\"has-text-align-left\">10 ans dans le domaine de la qualit\u00e9 et s\u00e9curit\u00e9 environnement pour l&rsquo;industrie, le tertiaire et les bureaux de contr\u00f4le.<\/p>\n\n\n\n<div style=\"height:28px\" aria-hidden=\"true\" class=\"wp-block-spacer\"><\/div>\n\n\n\n<p class=\"has-text-align-left\">6 ans dans le contr\u00f4le des op\u00e9rations CEE, entre les inspections, le pilotage de la production et la responsabilit\u00e9 de r\u00e9f\u00e9rent technique.<\/p>\n<\/div>\n<\/div>\n\n\n\n<div style=\"height:100px\" aria-hidden=\"true\" class=\"wp-block-spacer\"><\/div>\n\n\n\n<div class=\"wp-block-columns are-vertically-aligned-center is-layout-flex wp-container-core-columns-is-layout-28f84493 wp-block-columns-is-layout-flex\">\n<div class=\"wp-block-column is-vertically-aligned-center is-layout-flow wp-block-column-is-layout-flow\">\n<figure class=\"wp-block-image size-large is-resized\"><img loading=\"lazy\" decoding=\"async\" width=\"758\" height=\"1024\" src=\"https:\/\/www.orangescontroles.com\/wp-content\/uploads\/2026\/01\/omar-2-e1768861548729-758x1024.jpg\" alt=\"\" class=\"wp-image-282\" style=\"aspect-ratio:0.7421898284878208;width:277px;height:auto\" srcset=\"https:\/\/www.orangescontroles.com\/wp-content\/uploads\/2026\/01\/omar-2-e1768861548729-758x1024.jpg 758w, https:\/\/www.orangescontroles.com\/wp-content\/uploads\/2026\/01\/omar-2-e1768861548729-222x300.jpg 222w, https:\/\/www.orangescontroles.com\/wp-content\/uploads\/2026\/01\/omar-2-e1768861548729-768x1037.jpg 768w, https:\/\/www.orangescontroles.com\/wp-content\/uploads\/2026\/01\/omar-2-e1768861548729.jpg 975w\" sizes=\"auto, (max-width: 758px) 100vw, 758px\" \/><\/figure>\n<\/div>\n\n\n\n<div class=\"wp-block-column is-vertically-aligned-center is-layout-flow wp-block-column-is-layout-flow\">\n<h5 class=\"wp-block-heading\">Pr\u00e9sident<\/h5>\n\n\n\n<div style=\"height:37px\" aria-hidden=\"true\" class=\"wp-block-spacer\"><\/div>\n\n\n\n<p><strong><strong>Omar-Farouk HASSEN<\/strong><\/strong><\/p>\n\n\n\n<div style=\"height:22px\" aria-hidden=\"true\" class=\"wp-block-spacer\"><\/div>\n\n\n\n<p>Ing\u00e9nieur de l\u2019Ecole des Mines d\u2019Albi-Carmaux<\/p>\n\n\n\n<div style=\"height:22px\" aria-hidden=\"true\" class=\"wp-block-spacer\"><\/div>\n\n\n\n<p>12 ans d\u2019exp\u00e9rience dans toute la chaine de production du CEE, de la prospection commerciale au d\u00e9p\u00f4t des dossiers en passant par le montage.<\/p>\n\n\n\n<div style=\"height:22px\" aria-hidden=\"true\" class=\"wp-block-spacer\"><\/div>\n\n\n\n<p>10 ans chez GREENFLEX (Ex-BHC ENERGY)<\/p>\n\n\n\n<div style=\"height:22px\" aria-hidden=\"true\" class=\"wp-block-spacer\"><\/div>\n\n\n\n<p class=\"has-text-align-left\">Stagiaire de L\u2019ATEE en 2\u00e8me P\u00e9riode.<\/p>\n<\/div>\n<\/div>\n\n\n\n<div style=\"height:100px\" aria-hidden=\"true\" class=\"wp-block-spacer\"><\/div>\n\n\n\n\n","protected":false},"excerpt":{"rendered":"<p>Directeur des Op\u00e9rations Valentin BUSSIERE R\u00e9f\u00e9rent technique 10 ans dans le domaine de la qualit\u00e9 et s\u00e9curit\u00e9 environnement pour l&rsquo;industrie, le tertiaire et les bureaux de contr\u00f4le. 6 ans dans le contr\u00f4le des op\u00e9rations CEE, entre les inspections, le pilotage de la production et la responsabilit\u00e9 de r\u00e9f\u00e9rent technique. Pr\u00e9sident Omar-Farouk HASSEN Ing\u00e9nieur de l\u2019Ecole [&hellip;]<\/p>\n","protected":false},"author":1,"featured_media":0,"parent":0,"menu_order":1,"comment_status":"closed","ping_status":"closed","template":"","meta":{"_frontis_meta_header_display":false,"_frontis_meta_footer_display":false,"_frontis_meta_site_title_display":false,"_frontis_meta_sticky_header":false,"_frontis_meta_transparent_header":false,"_frontis_meta_lazy_load":false,"_frontis_meta_transparent_bg_color":"","_frontis_meta_sticky_bg_color":"","footnotes":""},"class_list":["post-12","page","type-page","status-publish","hentry"],"fb_featured_image_src":{"full":false,"thumbnail":false,"medium":false,"medium_large":false,"large":false},"fb_author_info":null,"fb_category_info":[],"fb_post_tag_info":[],"fb_post_excerpt":"Directeur des Op\u00e9rations Valentin BUSSIERE R\u00e9f\u00e9rent technique 10 ans dans le domaine de la qualit\u00e9 et s\u00e9curit\u00e9 environnement pour l&rsquo;industrie, le tertiaire et les bureaux de contr\u00f4le. 6 ans dans le contr\u00f4le des op\u00e9rations CEE, entre les inspections, le pilotage de la production et la responsabilit\u00e9 de r\u00e9f\u00e9rent technique. Pr\u00e9sident Omar-Farouk HASSEN Ing\u00e9nieur de l\u2019Ecole\u2026","_links":{"self":[{"href":"https:\/\/www.orangescontroles.com\/index.php\/wp-json\/wp\/v2\/pages\/12","targetHints":{"allow":["GET"]}}],"collection":[{"href":"https:\/\/www.orangescontroles.com\/index.php\/wp-json\/wp\/v2\/pages"}],"about":[{"href":"https:\/\/www.orangescontroles.com\/index.php\/wp-json\/wp\/v2\/types\/page"}],"author":[{"embeddable":true,"href":"https:\/\/www.orangescontroles.com\/index.php\/wp-json\/wp\/v2\/users\/1"}],"replies":[{"embeddable":true,"href":"https:\/\/www.orangescontroles.com\/index.php\/wp-json\/wp\/v2\/comments?post=12"}],"version-history":[{"count":51,"href":"https:\/\/www.orangescontroles.com\/index.php\/wp-json\/wp\/v2\/pages\/12\/revisions"}],"predecessor-version":[{"id":324,"href":"https:\/\/www.orangescontroles.com\/index.php\/wp-json\/wp\/v2\/pages\/12\/revisions\/324"}],"wp:attachment":[{"href":"https:\/\/www.orangescontroles.com\/index.php\/wp-json\/wp\/v2\/media?parent=12"}],"curies":[{"name":"wp","href":"https:\/\/api.w.org\/{rel}","templated":true}]}}