{"id":3,"date":"2026-01-06T18:12:23","date_gmt":"2026-01-06T18:12:23","guid":{"rendered":"http:\/\/hzogxni.cluster121.hosting.ovh.net\/?page_id=3"},"modified":"2026-01-08T14:44:35","modified_gmt":"2026-01-08T13:44:35","slug":"privacy-policy","status":"publish","type":"page","link":"https:\/\/www.orangescontroles.com\/index.php\/privacy-policy\/","title":{"rendered":"Mentions l\u00e9gales"},"content":{"rendered":"\n<p>Conform\u00e9ment aux dispositions de la loi n\u00b02004-575 du 21 juin 2004 pour la confiance dans l\u2019\u00e9conomie num\u00e9rique (LCEN), il est pr\u00e9cis\u00e9 aux utilisateurs du site www.orangescontroles.com l\u2019identit\u00e9 des diff\u00e9rents intervenants dans le cadre de sa r\u00e9alisation et de son suivi.<\/p>\n\n\n\n<div style=\"height:35px\" aria-hidden=\"true\" class=\"wp-block-spacer\"><\/div>\n\n\n\n<h3 class=\"wp-block-heading\">1. \u00c9diteur du site<\/h3>\n\n\n\n<div style=\"height:35px\" aria-hidden=\"true\" class=\"wp-block-spacer\"><\/div>\n\n\n\n<ul style=\"font-style:normal;font-weight:100\" class=\"wp-block-list\">\n<li>Nom \/ Raison sociale : ORANGES CONTROLES SASU<\/li>\n\n\n\n<li>Statut juridique : SASU<\/li>\n\n\n\n<li>Capital social (si soci\u00e9t\u00e9) : 20 000\u20ac<\/li>\n\n\n\n<li>Adresse du si\u00e8ge social : HALL 5, 1 RUE DE PARIS, 94470 BOISSY-SAINT-LEGER<\/li>\n\n\n\n<li>Adresse e-mail : contact@orangescontroles.com<\/li>\n\n\n\n<li>Num\u00e9ro SIRET : 98342031600017<\/li>\n\n\n\n<li>RCS \/ RM : 983 420 316 R.C.S. Cr\u00e9teil<\/li>\n\n\n\n<li>Num\u00e9ro de TVA intracommunautaire : FR43983420316<\/li>\n<\/ul>\n\n\n\n<div style=\"height:35px\" aria-hidden=\"true\" class=\"wp-block-spacer\"><\/div>\n\n\n\n<h3 class=\"wp-block-heading\">2. Directeur de la publication<\/h3>\n\n\n\n<div style=\"height:35px\" aria-hidden=\"true\" class=\"wp-block-spacer\"><\/div>\n\n\n\n<ul style=\"font-style:normal;font-weight:100\" class=\"wp-block-list\">\n<li>Nom : ORANGES CONTROLES SASU<br>Le directeur de la publication est une personne physique ou morale.<\/li>\n<\/ul>\n\n\n\n<div style=\"height:35px\" aria-hidden=\"true\" class=\"wp-block-spacer\"><\/div>\n\n\n\n<h3 class=\"wp-block-heading\">3. H\u00e9bergeur du site<\/h3>\n\n\n\n<div style=\"height:35px\" aria-hidden=\"true\" class=\"wp-block-spacer\"><\/div>\n\n\n\n<ul style=\"font-style:normal;font-weight:100\" class=\"wp-block-list\">\n<li>Nom : OVH SAS<\/li>\n\n\n\n<li>Adresse : 2 rue Kellermann &#8211; 59100 Roubaix &#8211; France<\/li>\n\n\n\n<li>Site web : <a href=\"https:\/\/www.ovhcloud.com\/\">https:\/\/www.ovhcloud.com\/<\/a><\/li>\n<\/ul>\n\n\n\n<div style=\"height:35px\" aria-hidden=\"true\" class=\"wp-block-spacer\"><\/div>\n\n\n\n<h3 class=\"wp-block-heading\">4. Propri\u00e9t\u00e9 intellectuelle<\/h3>\n\n\n\n<div style=\"height:35px\" aria-hidden=\"true\" class=\"wp-block-spacer\"><\/div>\n\n\n\n<p>L\u2019ensemble du contenu pr\u00e9sent sur le site orangescontroles.com (textes, images, graphismes, logo, ic\u00f4nes, sons, logiciels, etc.) est prot\u00e9g\u00e9 par le droit d\u2019auteur et le droit de la propri\u00e9t\u00e9 intellectuelle, sauf mention contraire.<\/p>\n\n\n\n<p>Toute reproduction, repr\u00e9sentation, modification, publication ou adaptation de tout ou partie des \u00e9l\u00e9ments du site, quel que soit le moyen ou le proc\u00e9d\u00e9 utilis\u00e9, est interdite sans l\u2019autorisation \u00e9crite pr\u00e9alable de l\u2019\u00e9diteur.<\/p>\n\n\n\n<div style=\"height:35px\" aria-hidden=\"true\" class=\"wp-block-spacer\"><\/div>\n\n\n\n<h3 class=\"wp-block-heading\">5. Responsabilit\u00e9<\/h3>\n\n\n\n<p>L\u2019\u00e9diteur du site ne saurait \u00eatre tenu responsable des dommages directs ou indirects caus\u00e9s au mat\u00e9riel de l\u2019utilisateur lors de l\u2019acc\u00e8s au site.<\/p>\n\n\n\n<p>L\u2019\u00e9diteur d\u00e9cline toute responsabilit\u00e9 quant \u00e0 l\u2019utilisation qui pourrait \u00eatre faite des informations et contenus pr\u00e9sents sur le site.<\/p>\n\n\n\n<div style=\"height:35px\" aria-hidden=\"true\" class=\"wp-block-spacer\"><\/div>\n\n\n\n<h3 class=\"wp-block-heading\">6. Donn\u00e9es personnelles<\/h3>\n\n\n\n<div style=\"height:35px\" aria-hidden=\"true\" class=\"wp-block-spacer\"><\/div>\n\n\n\n<p>Les informations personnelles \u00e9ventuellement collect\u00e9es sur le site sont trait\u00e9es conform\u00e9ment \u00e0 la r\u00e9glementation en vigueur (RGPD).<\/p>\n\n\n\n<p>L\u2019utilisateur dispose d\u2019un droit d\u2019acc\u00e8s, de rectification, d\u2019effacement et d\u2019opposition aux donn\u00e9es personnelles le concernant, en adressant une demande \u00e0 contact@orangescontroles.com.<\/p>\n\n\n\n<p>Pour plus d\u2019informations, veuillez consulter la Politique de confidentialit\u00e9 du site.<\/p>\n\n\n\n<div style=\"height:35px\" aria-hidden=\"true\" class=\"wp-block-spacer\"><\/div>\n\n\n\n<h3 class=\"wp-block-heading\">7. Cookies<\/h3>\n\n\n\n<div style=\"height:35px\" aria-hidden=\"true\" class=\"wp-block-spacer\"><\/div>\n\n\n\n<p>Le site orangescontroles.com peut \u00eatre amen\u00e9 \u00e0 utiliser des cookies afin d\u2019am\u00e9liorer l\u2019exp\u00e9rience utilisateur.<\/p>\n\n\n\n<p>L\u2019utilisateur peut configurer son navigateur pour refuser les cookies.<\/p>\n","protected":false},"excerpt":{"rendered":"<p>Conform\u00e9ment aux dispositions de la loi n\u00b02004-575 du 21 juin 2004 pour la confiance dans l\u2019\u00e9conomie num\u00e9rique (LCEN), il est pr\u00e9cis\u00e9 aux utilisateurs du site www.orangescontroles.com l\u2019identit\u00e9 des diff\u00e9rents intervenants dans le cadre de sa r\u00e9alisation et de son suivi. 1. \u00c9diteur du site 2. Directeur de la publication 3. H\u00e9bergeur du site 4. Propri\u00e9t\u00e9 [&hellip;]<\/p>\n","protected":false},"author":1,"featured_media":0,"parent":0,"menu_order":0,"comment_status":"closed","ping_status":"open","template":"","meta":{"_frontis_meta_header_display":false,"_frontis_meta_footer_display":false,"_frontis_meta_site_title_display":false,"_frontis_meta_sticky_header":false,"_frontis_meta_transparent_header":false,"_frontis_meta_lazy_load":false,"_frontis_meta_transparent_bg_color":"","_frontis_meta_sticky_bg_color":"","footnotes":""},"class_list":["post-3","page","type-page","status-publish","hentry"],"fb_featured_image_src":{"full":false,"thumbnail":false,"medium":false,"medium_large":false,"large":false},"fb_author_info":null,"fb_category_info":[],"fb_post_tag_info":[],"fb_post_excerpt":"Conform\u00e9ment aux dispositions de la loi n\u00b02004-575 du 21 juin 2004 pour la confiance dans l\u2019\u00e9conomie num\u00e9rique (LCEN), il est pr\u00e9cis\u00e9 aux utilisateurs du site www.orangescontroles.com l\u2019identit\u00e9 des diff\u00e9rents intervenants dans le cadre de sa r\u00e9alisation et de son suivi. 1. \u00c9diteur du site 2. Directeur de la publication 3. H\u00e9bergeur du site 4. Propri\u00e9t\u00e9\u2026","_links":{"self":[{"href":"https:\/\/www.orangescontroles.com\/index.php\/wp-json\/wp\/v2\/pages\/3","targetHints":{"allow":["GET"]}}],"collection":[{"href":"https:\/\/www.orangescontroles.com\/index.php\/wp-json\/wp\/v2\/pages"}],"about":[{"href":"https:\/\/www.orangescontroles.com\/index.php\/wp-json\/wp\/v2\/types\/page"}],"author":[{"embeddable":true,"href":"https:\/\/www.orangescontroles.com\/index.php\/wp-json\/wp\/v2\/users\/1"}],"replies":[{"embeddable":true,"href":"https:\/\/www.orangescontroles.com\/index.php\/wp-json\/wp\/v2\/comments?post=3"}],"version-history":[{"count":3,"href":"https:\/\/www.orangescontroles.com\/index.php\/wp-json\/wp\/v2\/pages\/3\/revisions"}],"predecessor-version":[{"id":212,"href":"https:\/\/www.orangescontroles.com\/index.php\/wp-json\/wp\/v2\/pages\/3\/revisions\/212"}],"wp:attachment":[{"href":"https:\/\/www.orangescontroles.com\/index.php\/wp-json\/wp\/v2\/media?parent=3"}],"curies":[{"name":"wp","href":"https:\/\/api.w.org\/{rel}","templated":true}]}}