{"id":55,"date":"2026-01-07T14:40:24","date_gmt":"2026-01-07T14:40:24","guid":{"rendered":"http:\/\/hzogxni.cluster121.hosting.ovh.net\/?page_id=55"},"modified":"2026-01-08T15:34:36","modified_gmt":"2026-01-08T14:34:36","slug":"vos-livrables","status":"publish","type":"page","link":"https:\/\/www.orangescontroles.com\/index.php\/vos-livrables\/","title":{"rendered":"Vos livrables"},"content":{"rendered":"\n<div class=\"wp-block-group alignfull has-primary-background-color has-background has-global-padding is-layout-constrained wp-container-core-group-is-layout-bde61dd6 wp-block-group-is-layout-constrained\" style=\"margin-top:0;margin-bottom:0;padding-top:var(--wp--preset--spacing--spacing-64);padding-right:var(--wp--preset--spacing--spacing-32);padding-bottom:var(--wp--preset--spacing--spacing-64);padding-left:var(--wp--preset--spacing--spacing-32)\">\n<h2 class=\"wp-block-heading has-primary-50-color has-text-color has-link-color wp-elements-ee3fab243f6df52a6733ae6bb9552f96\">Espace client<\/h2>\n<\/div>\n\n\n\n<div style=\"height:51px\" aria-hidden=\"true\" class=\"wp-block-spacer\"><\/div>\n\n\n\n<p>Oranges contr\u00f4les mets \u00e0 votre disposition un espace client  d\u00e9di\u00e9 avec un acc\u00e8s simple s\u00e9curis\u00e9 pour consulter vos rapports et d\u00e9poser vos documents.<\/p>\n\n\n\n<div style=\"height:34px\" aria-hidden=\"true\" class=\"wp-block-spacer\"><\/div>\n\n\n\n<p>Veuillez cliquer sur le lien ci-dessous pour acc\u00e8dera \u00e0 vos livrables.<\/p>\n\n\n\n<div style=\"height:51px\" aria-hidden=\"true\" class=\"wp-block-spacer\"><\/div>\n\n\n\n<div class=\"wp-block-media-text is-stacked-on-mobile\"><figure class=\"wp-block-media-text__media\"><a href=\"https:\/\/orangescontroles.sharepoint.com\/:f:\/r\/sites\/Rapports\/Documents%20partages\/Oranges%20Contr%C3%B4les?csf=1&amp;web=1&amp;e=VGQUBu\"><img loading=\"lazy\" decoding=\"async\" width=\"818\" height=\"672\" src=\"http:\/\/hzogxni.cluster121.hosting.ovh.net\/wp-content\/uploads\/2026\/01\/Capture-decran-2026-01-07-165919.png\" alt=\"\" class=\"wp-image-82 size-full\" srcset=\"https:\/\/www.orangescontroles.com\/wp-content\/uploads\/2026\/01\/Capture-decran-2026-01-07-165919.png 818w, https:\/\/www.orangescontroles.com\/wp-content\/uploads\/2026\/01\/Capture-decran-2026-01-07-165919-300x246.png 300w, https:\/\/www.orangescontroles.com\/wp-content\/uploads\/2026\/01\/Capture-decran-2026-01-07-165919-768x631.png 768w\" sizes=\"auto, (max-width: 818px) 100vw, 818px\" \/><\/a><\/figure><div class=\"wp-block-media-text__content\">\n<div class=\"wp-block-buttons is-layout-flex wp-block-buttons-is-layout-flex\">\n<div class=\"wp-block-button is-style-fill is-style-fill--1\"><a class=\"wp-block-button__link has-text-align-center wp-element-button\" href=\"https:\/\/orangescontroles.sharepoint.com\/:f:\/r\/sites\/Rapports\/Documents%20partages\/Oranges%20Contr%C3%B4les?csf=1&amp;web=1&amp;e=VGQUBu\" target=\"_blank\" rel=\"noreferrer noopener\">Vos livrables<\/a><\/div>\n<\/div>\n<\/div><\/div>\n","protected":false},"excerpt":{"rendered":"<p>Espace client Oranges contr\u00f4les mets \u00e0 votre disposition un espace client d\u00e9di\u00e9 avec un acc\u00e8s simple s\u00e9curis\u00e9 pour consulter vos rapports et d\u00e9poser vos documents. Veuillez cliquer sur le lien ci-dessous pour acc\u00e8dera \u00e0 vos livrables.<\/p>\n","protected":false},"author":1,"featured_media":0,"parent":0,"menu_order":1,"comment_status":"closed","ping_status":"closed","template":"","meta":{"_frontis_meta_header_display":false,"_frontis_meta_footer_display":false,"_frontis_meta_site_title_display":false,"_frontis_meta_sticky_header":false,"_frontis_meta_transparent_header":false,"_frontis_meta_lazy_load":false,"_frontis_meta_transparent_bg_color":"","_frontis_meta_sticky_bg_color":"","footnotes":""},"class_list":["post-55","page","type-page","status-publish","hentry"],"fb_featured_image_src":{"full":false,"thumbnail":false,"medium":false,"medium_large":false,"large":false},"fb_author_info":null,"fb_category_info":[],"fb_post_tag_info":[],"fb_post_excerpt":"Espace client Oranges contr\u00f4les mets \u00e0 votre disposition un espace client d\u00e9di\u00e9 avec un acc\u00e8s simple s\u00e9curis\u00e9 pour consulter vos rapports et d\u00e9poser vos documents. Veuillez cliquer sur le lien ci-dessous pour acc\u00e8dera \u00e0 vos livrables.","_links":{"self":[{"href":"https:\/\/www.orangescontroles.com\/index.php\/wp-json\/wp\/v2\/pages\/55","targetHints":{"allow":["GET"]}}],"collection":[{"href":"https:\/\/www.orangescontroles.com\/index.php\/wp-json\/wp\/v2\/pages"}],"about":[{"href":"https:\/\/www.orangescontroles.com\/index.php\/wp-json\/wp\/v2\/types\/page"}],"author":[{"embeddable":true,"href":"https:\/\/www.orangescontroles.com\/index.php\/wp-json\/wp\/v2\/users\/1"}],"replies":[{"embeddable":true,"href":"https:\/\/www.orangescontroles.com\/index.php\/wp-json\/wp\/v2\/comments?post=55"}],"version-history":[{"count":8,"href":"https:\/\/www.orangescontroles.com\/index.php\/wp-json\/wp\/v2\/pages\/55\/revisions"}],"predecessor-version":[{"id":234,"href":"https:\/\/www.orangescontroles.com\/index.php\/wp-json\/wp\/v2\/pages\/55\/revisions\/234"}],"wp:attachment":[{"href":"https:\/\/www.orangescontroles.com\/index.php\/wp-json\/wp\/v2\/media?parent=55"}],"curies":[{"name":"wp","href":"https:\/\/api.w.org\/{rel}","templated":true}]}}