{"id":67,"date":"2026-01-07T15:43:21","date_gmt":"2026-01-07T15:43:21","guid":{"rendered":"http:\/\/hzogxni.cluster121.hosting.ovh.net\/?page_id=67"},"modified":"2026-01-08T16:13:26","modified_gmt":"2026-01-08T15:13:26","slug":"contact","status":"publish","type":"page","link":"https:\/\/www.orangescontroles.com\/index.php\/contact\/","title":{"rendered":"contact"},"content":{"rendered":"\n<div class=\"wp-block-group has-background has-global-padding is-layout-constrained wp-container-core-group-is-layout-cbb39598 wp-block-group-is-layout-constrained\" style=\"background-color:#ffffff;margin-top:0;margin-bottom:0;padding-top:var(--wp--preset--spacing--spacing-64);padding-right:var(--wp--preset--spacing--spacing-32);padding-bottom:var(--wp--preset--spacing--spacing-120);padding-left:var(--wp--preset--spacing--spacing-32)\">\n<div class=\"wp-block-columns alignwide is-layout-flex wp-container-core-columns-is-layout-e270b44d wp-block-columns-is-layout-flex\">\n<div class=\"wp-block-column is-vertically-aligned-center has-global-padding is-layout-constrained wp-block-column-is-layout-constrained\">\n<h1 class=\"wp-block-heading has-text-color has-link-color has-h-2-font-size wp-elements-f521cd11eb79be737066043a92eb4e75\" style=\"color:#0b2640\">Contactez nous<\/h1>\n\n\n\n<p class=\"has-text-color has-link-color wp-elements-9e7bcb2822c8fd49a0afb31eba99f7ed\" style=\"color:#555e72;margin-top:var(--wp--preset--spacing--spacing-16);margin-bottom:var(--wp--preset--spacing--spacing-40)\">Vous avez une question sur un contr\u00f4le, sur le dispositif CEE, ou sur oranges contr\u00f4les ? N&rsquo;attendez plus contactez nous par mail, t\u00e9l\u00e9phone ou via le formulaire de contact et nous vous r\u00e9pondrons rapidement.<\/p>\n\n\n\n<div class=\"wp-block-group has-primary-background-color has-background is-nowrap is-layout-flex wp-container-core-group-is-layout-58275c66 wp-block-group-is-layout-flex\" style=\"margin-top:var(--wp--preset--spacing--spacing-16);margin-bottom:var(--wp--preset--spacing--spacing-16)\">\n<div class=\"wp-block-group contact-info-icon has-base-background-color has-background has-global-padding is-layout-constrained wp-container-core-group-is-layout-fe049abc wp-block-group-is-layout-constrained\" style=\"border-radius:50px;margin-top:0;margin-bottom:0;padding-top:var(--wp--preset--spacing--spacing-16);padding-right:var(--wp--preset--spacing--spacing-16);padding-bottom:var(--wp--preset--spacing--spacing-16);padding-left:var(--wp--preset--spacing--spacing-16)\">\n<figure class=\"wp-block-image size-full\"><img decoding=\"async\" src=\"http:\/\/hzogxni.cluster121.hosting.ovh.net\/wp-content\/themes\/frontis\/assets\/image\/mail-open.webp\" alt=\"\" class=\"wp-image-354\"\/><\/figure>\n<\/div>\n\n\n\n<p class=\"has-primary-50-color has-text-color has-link-color wp-elements-131cbdd5d3a62a64f1b6f125bad1701b\">contact@orangescontroles.com<\/p>\n<\/div>\n\n\n\n<div class=\"wp-block-group has-primary-background-color has-background is-nowrap is-layout-flex wp-container-core-group-is-layout-58275c66 wp-block-group-is-layout-flex\" style=\"margin-top:var(--wp--preset--spacing--spacing-16);margin-bottom:var(--wp--preset--spacing--spacing-16)\">\n<div class=\"wp-block-group contact-info-icon has-base-background-color has-background has-global-padding is-layout-constrained wp-container-core-group-is-layout-fe049abc wp-block-group-is-layout-constrained\" style=\"border-radius:50px;margin-top:0;margin-bottom:0;padding-top:var(--wp--preset--spacing--spacing-16);padding-right:var(--wp--preset--spacing--spacing-16);padding-bottom:var(--wp--preset--spacing--spacing-16);padding-left:var(--wp--preset--spacing--spacing-16)\">\n<figure class=\"wp-block-image size-full wp-duotone-unset-1\"><img decoding=\"async\" src=\"http:\/\/hzogxni.cluster121.hosting.ovh.net\/wp-content\/themes\/frontis\/assets\/image\/phone-incoming.webp\" alt=\"\" class=\"wp-image-353\"\/><\/figure>\n<\/div>\n\n\n\n<p class=\"has-primary-50-color has-text-color has-link-color wp-elements-a41a9e562e39cabbeb167e18260764a3\">+33 6 76 46 28 79<\/p>\n<\/div>\n\n\n\n<div class=\"wp-block-group has-primary-50-color has-primary-background-color has-text-color has-background has-link-color wp-elements-6997fc53c1bf65379df6421e25f997e0 is-nowrap is-layout-flex wp-container-core-group-is-layout-c4015e8a wp-block-group-is-layout-flex\" style=\"margin-top:var(--wp--preset--spacing--spacing-24);margin-bottom:var(--wp--preset--spacing--spacing-16)\">\n<div class=\"wp-block-group contact-info-icon has-base-background-color has-background has-global-padding is-layout-constrained wp-container-core-group-is-layout-fe049abc wp-block-group-is-layout-constrained\" style=\"border-radius:50px;margin-top:0;margin-bottom:0;padding-top:var(--wp--preset--spacing--spacing-16);padding-right:var(--wp--preset--spacing--spacing-16);padding-bottom:var(--wp--preset--spacing--spacing-16);padding-left:var(--wp--preset--spacing--spacing-16)\">\n<figure class=\"wp-block-image size-full wp-duotone-unset-2\"><img decoding=\"async\" src=\"http:\/\/hzogxni.cluster121.hosting.ovh.net\/wp-content\/themes\/frontis\/assets\/image\/location-marker.webp\" alt=\"\" class=\"wp-image-350\"\/><\/figure>\n<\/div>\n\n\n\n<p class=\"has-primary-50-color has-text-color has-link-color wp-elements-350d0297c118568282f6a8f52cdc3957\">1 Rue de Paris, 94470 Boissy-Saint-Leger<\/p>\n<\/div>\n\n\n\n<form method=\"post\" class=\"wp-block-gutena-forms gutena-forms-contact-form gutena_forms_ID_8cca80dac2_712026164217 input-box-border-bottom-only after_submit_message is-layout-flow wp-container-gutena-forms-is-layout-00b5b574 wp-block-gutena-forms-is-layout-flow\" style=\"padding-top:2rem;padding-bottom:5rem\"><input type=\"hidden\" name=\"formid\" value=\"gutena_forms_ID_8cca80dac2_712026164217\"\/>\n<div class=\"wp-block-gutena-text-field-group wp-block-gutena-field-group is-layout-flow wp-block-gutena-text-field-group-is-layout-flow\">\n<div class=\"wp-block-group is-vertical is-layout-flex wp-container-core-group-is-layout-501cef26 wp-block-group-is-layout-flex\">\n<h3 class=\"wp-block-heading heading-input-label-gutena has-text-color has-link-color wp-elements-9dc8200612cd2d6570793f050ce13e03\" style=\"color:#0b2640\">Pr\u00e9nom<\/h3>\n\n\n<div class=\"gutena-forms-text-field field-name-first_name  wp-block-gutena-form-field\"><input\n\t\t\t\t name=\"first_name\" type=\"text\" class=\"gutena-forms-field text-field required-field  \"  required\n\t\t\t\t\/><\/div><\/div>\n\n\n\n<p class=\"gutena-forms-field-error-msg\"><\/p>\n<\/div>\n\n\n\n<div class=\"wp-block-gutena-text-field-group wp-block-gutena-field-group is-layout-flow wp-block-gutena-text-field-group-is-layout-flow\">\n<div class=\"wp-block-group is-vertical is-layout-flex wp-container-core-group-is-layout-501cef26 wp-block-group-is-layout-flex\">\n<h3 class=\"wp-block-heading heading-input-label-gutena has-text-color has-link-color wp-elements-cc9713d3d27f7abb302474b832726d05\" style=\"color:#0b2640\">Nom<\/h3>\n\n\n<div class=\"gutena-forms-text-field field-name-last_name  wp-block-gutena-form-field\"><input\n\t\t\t\t name=\"last_name\" type=\"text\" class=\"gutena-forms-field text-field required-field  \"  required\n\t\t\t\t\/><\/div><\/div>\n\n\n\n<p class=\"gutena-forms-field-error-msg\"><\/p>\n<\/div>\n\n\n\n<div class=\"wp-block-gutena-email-field-group wp-block-gutena-field-group is-layout-flow wp-block-gutena-email-field-group-is-layout-flow\">\n<div class=\"wp-block-group is-vertical is-layout-flex wp-container-core-group-is-layout-501cef26 wp-block-group-is-layout-flex\">\n<h3 class=\"wp-block-heading heading-input-label-gutena has-text-color has-link-color wp-elements-00b530d93d58aa6ec6623a2a9b6ea951\" style=\"color:#0b2640\">E-mail<\/h3>\n\n\n<div class=\"gutena-forms-email-field field-name-email  wp-block-gutena-form-field\"><input\n\t\t\t\t name=\"email\" type=\"email\" class=\"gutena-forms-field email-field required-field  \"  required\n\t\t\t\t\/><\/div><\/div>\n\n\n\n<p class=\"gutena-forms-field-error-msg\"><\/p>\n<\/div>\n\n\n\n<div class=\"wp-block-gutena-text-field-group wp-block-gutena-field-group is-layout-flow wp-block-gutena-text-field-group-is-layout-flow\">\n<div class=\"wp-block-group is-vertical is-layout-flex wp-container-core-group-is-layout-501cef26 wp-block-group-is-layout-flex\">\n<h3 class=\"wp-block-heading heading-input-label-gutena has-text-color has-link-color wp-elements-8ad5bc01854ae8441a5ea092b56532f9\" style=\"color:#0b2640\">Sujet<\/h3>\n\n\n<div class=\"gutena-forms-text-field field-name-subject  wp-block-gutena-form-field\"><input\n\t\t\t\t name=\"subject\" type=\"text\" class=\"gutena-forms-field text-field required-field  \"  required\n\t\t\t\t\/><\/div><\/div>\n\n\n\n<p class=\"gutena-forms-field-error-msg\"><\/p>\n<\/div>\n\n\n\n<div class=\"wp-block-gutena-textarea-field-group wp-block-gutena-field-group is-layout-flow wp-block-gutena-textarea-field-group-is-layout-flow\">\n<div class=\"wp-block-group is-vertical is-layout-flex wp-container-core-group-is-layout-501cef26 wp-block-group-is-layout-flex\">\n<h3 class=\"wp-block-heading heading-input-label-gutena has-text-color has-link-color wp-elements-d104ccc3e359d379e11dfd06bb927e62\" style=\"color:#0b2640\">Message<\/h3>\n\n\n<div class=\"gutena-forms-textarea-field field-name-message  wp-block-gutena-form-field\"><textarea\n\t\t\t\t name=\"message\" rows=\"5\" class=\"gutena-forms-field textarea-field required-field  \"  required\n\t\t\t\t><\/textarea><\/div><\/div>\n\n\n\n<p class=\"gutena-forms-field-error-msg\"><\/p>\n<\/div>\n\n\n\n<div class=\"wp-block-buttons gutena-forms-submit-buttons is-layout-flex wp-block-buttons-is-layout-flex\">\n<div class=\"wp-block-button gutena-forms-submit-button\"><button class=\"wp-block-button__link wp-element-button\" rel=\"contact@orangescontroles.com\">Envoyer<\/button><\/div>\n<\/div>\n\n\n\n<div class=\"wp-block-gutena-form-confirm-msg is-layout-flow wp-block-gutena-form-confirm-msg-is-layout-flow\">\n<div class=\"wp-block-group has-background is-content-justification-left is-nowrap is-layout-flex wp-container-core-group-is-layout-385d3396 wp-block-group-is-layout-flex\" style=\"border-radius:5px;background-color:#d8eacc;padding-top:12px;padding-right:12px;padding-bottom:12px;padding-left:12px\">\n<figure class=\"wp-block-image size-large form-message-icon\"><img decoding=\"async\" src=\"data:image\/svg+xml;base64,PHN2ZyB3aWR0aD0iMTYiIGhlaWdodD0iMTYiIHZpZXdCb3g9IjAgMCAxNiAxNiIgZmlsbD0ibm9uZSIgeG1sbnM9Imh0dHA6Ly93d3cudzMub3JnLzIwMDAvc3ZnIj4NCjxwYXRoIGQ9Ik04IDE2QzMuNTgxNiAxNiAwIDEyLjQxODQgMCA4QzAgMy41ODE2IDMuNTgxNiAwIDggMEMxMi40MTg0IDAgMTYgMy41ODE2IDE2IDhDMTYgMTIuNDE4NCAxMi40MTg0IDE2IDggMTZaTTggMTQuNEM5LjY5NzM5IDE0LjQgMTEuMzI1MyAxMy43MjU3IDEyLjUyNTUgMTIuNTI1NUMxMy43MjU3IDExLjMyNTMgMTQuNCA5LjY5NzM5IDE0LjQgOEMxNC40IDYuMzAyNjEgMTMuNzI1NyA0LjY3NDc1IDEyLjUyNTUgMy40NzQ1MkMxMS4zMjUzIDIuMjc0MjggOS42OTczOSAxLjYgOCAxLjZDNi4zMDI2MSAxLjYgNC42NzQ3NSAyLjI3NDI4IDMuNDc0NTIgMy40NzQ1MkMyLjI3NDI4IDQuNjc0NzUgMS42IDYuMzAyNjEgMS42IDhDMS42IDkuNjk3MzkgMi4yNzQyOCAxMS4zMjUzIDMuNDc0NTIgMTIuNTI1NUM0LjY3NDc1IDEzLjcyNTcgNi4zMDI2MSAxNC40IDggMTQuNFpNNy4yMDI0IDExLjJMMy44MDggNy44MDU2TDQuOTM5MiA2LjY3NDRMNy4yMDI0IDguOTM3NkwxMS43MjcyIDQuNDEyTDEyLjg1OTIgNS41NDMyTDcuMjAyNCAxMS4yWiIgZmlsbD0iIzQ2ODQxRSIvPg0KPC9zdmc+DQo=\" alt=\"Success\" class=\"wp-image-3811\"\/><\/figure>\n\n\n\n<p class=\"has-black-color has-text-color has-tiny-font-size\" style=\"font-size:12px;font-style:normal;font-weight:500;line-height:1.2\">Your form submitted successfully!<\/p>\n<\/div>\n<\/div>\n\n\n\n<div class=\"wp-block-gutena-form-error-msg is-layout-flow wp-block-gutena-form-error-msg-is-layout-flow\">\n<div class=\"wp-block-group has-background is-content-justification-left is-nowrap is-layout-flex wp-container-core-group-is-layout-385d3396 wp-block-group-is-layout-flex\" style=\"border-radius:5px;background-color:#ffd3d3;padding-top:12px;padding-right:12px;padding-bottom:12px;padding-left:12px\">\n<figure class=\"wp-block-image size-large form-message-icon\"><img decoding=\"async\" src=\"data:image\/svg+xml;base64,PHN2ZyB3aWR0aD0iMTYiIGhlaWdodD0iMTYiIHZpZXdCb3g9IjAgMCAxNiAxNiIgZmlsbD0ibm9uZSIgeG1sbnM9Imh0dHA6Ly93d3cudzMub3JnLzIwMDAvc3ZnIj4NCjxwYXRoIGQ9Ik04IDE2QzMuNTgxNiAxNiAwIDEyLjQxODQgMCA4QzAgMy41ODE2IDMuNTgxNiAwIDggMEMxMi40MTg0IDAgMTYgMy41ODE2IDE2IDhDMTYgMTIuNDE4NCAxMi40MTg0IDE2IDggMTZaTTggMTQuNEM5LjY5NzM5IDE0LjQgMTEuMzI1MyAxMy43MjU3IDEyLjUyNTUgMTIuNTI1NUMxMy43MjU3IDExLjMyNTMgMTQuNCA5LjY5NzM5IDE0LjQgOEMxNC40IDYuMzAyNjEgMTMuNzI1NyA0LjY3NDc1IDEyLjUyNTUgMy40NzQ1MkMxMS4zMjUzIDIuMjc0MjggOS42OTczOSAxLjYgOCAxLjZDNi4zMDI2MSAxLjYgNC42NzQ3NSAyLjI3NDI4IDMuNDc0NTIgMy40NzQ1MkMyLjI3NDI4IDQuNjc0NzUgMS42IDYuMzAyNjEgMS42IDhDMS42IDkuNjk3MzkgMi4yNzQyOCAxMS4zMjUzIDMuNDc0NTIgMTIuNTI1NUM0LjY3NDc1IDEzLjcyNTcgNi4zMDI2MSAxNC40IDggMTQuNFpNNy4yIDEwLjRIOC44VjEySDcuMlYxMC40Wk03LjIgNEg4LjhWOC44SDcuMlY0WiIgZmlsbD0iI0M1MTkxOSIvPg0KPC9zdmc+DQo=\" alt=\"Error\" class=\"wp-image-3811\"\/><\/figure>\n\n\n\n<p class=\"gutena-forms-error-text has-black-color has-text-color\" style=\"font-size:12px;font-style:normal;font-weight:500;line-height:1.2\">Sorry! your form was not submitted properly, Please check the errors above.<\/p>\n<\/div>\n<\/div>\n<\/form>\n<\/div>\n<\/div>\n<\/div>\n","protected":false},"excerpt":{"rendered":"<p>Contactez nous Vous avez une question sur un contr\u00f4le, sur le dispositif CEE, ou sur oranges contr\u00f4les ? N&rsquo;attendez plus contactez nous par mail, t\u00e9l\u00e9phone ou via le formulaire de contact et nous vous r\u00e9pondrons rapidement. contact@orangescontroles.com +33 6 76 46 28 79 1 Rue de Paris, 94470 Boissy-Saint-Leger<\/p>\n","protected":false},"author":1,"featured_media":0,"parent":0,"menu_order":1,"comment_status":"closed","ping_status":"closed","template":"","meta":{"_frontis_meta_header_display":false,"_frontis_meta_footer_display":false,"_frontis_meta_site_title_display":false,"_frontis_meta_sticky_header":true,"_frontis_meta_transparent_header":true,"_frontis_meta_lazy_load":false,"_frontis_meta_transparent_bg_color":"","_frontis_meta_sticky_bg_color":"","footnotes":""},"class_list":["post-67","page","type-page","status-publish","hentry"],"fb_featured_image_src":{"full":false,"thumbnail":false,"medium":false,"medium_large":false,"large":false},"fb_author_info":null,"fb_category_info":[],"fb_post_tag_info":[],"fb_post_excerpt":"Contactez nous Vous avez une question sur un contr\u00f4le, sur le dispositif CEE, ou sur oranges contr\u00f4les ? N&rsquo;attendez plus contactez nous par mail, t\u00e9l\u00e9phone ou via le formulaire de contact et nous vous r\u00e9pondrons rapidement. contact@orangescontroles.com +33 6 76 46 28 79 1 Rue de Paris, 94470 Boissy-Saint-Leger","_links":{"self":[{"href":"https:\/\/www.orangescontroles.com\/index.php\/wp-json\/wp\/v2\/pages\/67","targetHints":{"allow":["GET"]}}],"collection":[{"href":"https:\/\/www.orangescontroles.com\/index.php\/wp-json\/wp\/v2\/pages"}],"about":[{"href":"https:\/\/www.orangescontroles.com\/index.php\/wp-json\/wp\/v2\/types\/page"}],"author":[{"embeddable":true,"href":"https:\/\/www.orangescontroles.com\/index.php\/wp-json\/wp\/v2\/users\/1"}],"replies":[{"embeddable":true,"href":"https:\/\/www.orangescontroles.com\/index.php\/wp-json\/wp\/v2\/comments?post=67"}],"version-history":[{"count":20,"href":"https:\/\/www.orangescontroles.com\/index.php\/wp-json\/wp\/v2\/pages\/67\/revisions"}],"predecessor-version":[{"id":237,"href":"https:\/\/www.orangescontroles.com\/index.php\/wp-json\/wp\/v2\/pages\/67\/revisions\/237"}],"wp:attachment":[{"href":"https:\/\/www.orangescontroles.com\/index.php\/wp-json\/wp\/v2\/media?parent=67"}],"curies":[{"name":"wp","href":"https:\/\/api.w.org\/{rel}","templated":true}]}}